{"id":603,"date":"2026-01-14T15:11:07","date_gmt":"2026-01-14T15:11:07","guid":{"rendered":"http:\/\/localhost:10069\/about-us\/"},"modified":"2026-02-24T20:02:17","modified_gmt":"2026-02-24T20:02:17","slug":"about-us","status":"publish","type":"page","link":"https:\/\/pp.lenovia.ca\/en\/about-us\/","title":{"rendered":"About Us"},"content":{"rendered":"\n<div class=\"wp-block-columns are-vertically-aligned-center is-layout-flex wp-container-core-columns-is-layout-9d6595d7 wp-block-columns-is-layout-flex\">\n<div class=\"wp-block-column is-vertically-aligned-center is-layout-flow wp-block-column-is-layout-flow\">\n<figure class=\"wp-block-image size-large\"><img decoding=\"async\" src=\"\/wp-content\/uploads\/2026\/01\/about-e1769099448596.jpg\" alt=\"\"\/><\/figure>\n<\/div>\n\n\n\n<div class=\"wp-block-column is-vertically-aligned-center is-layout-flow wp-block-column-is-layout-flow\">\n<h2 class=\"wp-block-heading\">What Sets NOVIA Apart<\/h2>\n\n\n\n<p><strong>Remarkably life\u2011focused. Remarkably human. <\/strong><\/p>\n\n\n\n<p>At NOVIA, we believe that the true quality of a project is measured by the quality of life it brings to the people who live there.<\/p>\n\n\n\n<p>Every detail, every design choice, and every partnership stems from one simple conviction:<\/p>\n\n\n\n<p>Together, we create and manage sustainable living environments where people feel genuinely good.<\/p>\n\n\n\n<p>This philosophy guides each of our projects, from the first architectural sketch to the daily management of the residences.<\/p>\n\n\n\n<p>It\u2019s what makes NOVIA a distinct real estate brand: a symbol of trust, innovation, and humanity.<\/p>\n<\/div>\n<\/div>\n\n\n\n<div class=\"wp-block-columns is-layout-flex wp-container-core-columns-is-layout-9d6595d7 wp-block-columns-is-layout-flex\">\n<div class=\"wp-block-column is-layout-flow wp-block-column-is-layout-flow\" style=\"flex-basis:80%\">\n<h2 class=\"wp-block-heading\">A brand anchored in strong values<\/h2>\n\n\n\n<p>Nos projets r\u00e9sidentiels sont con\u00e7us pour refl\u00e9ter trois engagements fondamentaux :<\/p>\n\n\n\n<h4 class=\"wp-block-heading\">1. L\u2019humain avant tout<\/h4>\n\n\n\n<p>Nos immeubles sont pens\u00e9s pour offrir plus qu\u2019un logement : un cadre de vie complet, o\u00f9 confort, s\u00e9curit\u00e9 et bien-\u00eatre coexistent.<br>Nous pla\u00e7ons l\u2019humain au centre de nos d\u00e9cisions, en cr\u00e9ant des environnements inclusifs et \u00e9volutifs qui s\u2019adaptent aux besoins des r\u00e9sidents.<\/p>\n\n\n\n<h4 class=\"wp-block-heading\">2. Le d\u00e9veloppement durable comme fondation<\/h4>\n\n\n\n<p>NOVIA incarne une approche \u00e9coresponsable : des b\u00e2timents \u00e0 haute performance \u00e9nerg\u00e9tique, une gestion efficiente des ressources et des choix de mat\u00e9riaux durables.<br>Nos projets r\u00e9duisent leur empreinte \u00e9cologique tout en am\u00e9liorant le confort de vie au quotidien.<\/p>\n\n\n\n<p>Moins d\u2019\u00e9nergie, plus de bien-\u00eatre : la durabilit\u00e9 au service de l\u2019humain.<\/p>\n\n\n\n<h4 class=\"wp-block-heading\">3. La proximit\u00e9 et la qualit\u00e9 de vie<\/h4>\n\n\n\n<p>Tous nos projets sont implant\u00e9s dans des quartiers vivants et bien connect\u00e9s, proches des transports, des commerces et des espaces verts.<br>Cette proximit\u00e9 cr\u00e9e un \u00e9quilibre entre vie urbaine et s\u00e9r\u00e9nit\u00e9, o\u00f9 tout est \u00e0 port\u00e9e de main.<\/p>\n<\/div>\n\n\n\n<div class=\"wp-block-column is-layout-flow wp-block-column-is-layout-flow\" style=\"flex-basis:20%\"><\/div>\n<\/div>\n\n\n\n<div class=\"wp-block-custom-block-panel-group custom-block panel panel-primary bg-branche\"><div class=\"content\">\n<h2 class=\"wp-block-heading\">Une signature durable et responsable<\/h2>\n\n\n\n<p>NOVIA s\u2019engage \u00e0 b\u00e2tir pour aujourd\u2019hui tout en pensant \u00e0 demain.<br>Chaque projet r\u00e9pond \u00e0 des crit\u00e8res rigoureux de conception durable :<\/p>\n\n\n\n<ul class=\"wp-block-list\">\n<li>energy efficiency;<\/li>\n\n\n\n<li>reduced water consumption;<\/li>\n\n\n\n<li>material quality and durability;<\/li>\n\n\n\n<li>thermal and acoustic comfort;<\/li>\n\n\n\n<li>responsible management of common areas.<\/li>\n<\/ul>\n\n\n\n<p>Cet engagement se traduit par des b\u00e2timents performants qui r\u00e9duisent l\u2019impact environnemental et favorisent la qualit\u00e9 de vie des r\u00e9sidents.<\/p>\n\n\n\n<div class=\"wp-block-buttons is-layout-flex wp-block-buttons-is-layout-flex\">\n<div class=\"wp-block-button wp-btn-custom-light is-style-outline is-style-outline--1\"><a class=\"wp-block-button__link wp-element-button\">Learn more about our sustainable commitment<\/a><\/div>\n<\/div>\n<\/div><div class=\"bg\"><\/div><\/div>\n\n\n\n<div class=\"wp-block-columns is-layout-flex wp-container-core-columns-is-layout-9d6595d7 wp-block-columns-is-layout-flex\">\n<div class=\"wp-block-column is-layout-flow wp-block-column-is-layout-flow\" style=\"flex-basis:80%\">\n<h2 class=\"wp-block-heading\">A vision driven by dedicated developers<\/h2>\n\n\n\n<p>LSR GesDev and Albert Immobilier: a shared vision, two complementary areas of expertise.<\/p>\n\n\n\n<p>Behind the NOVIA brand lies the strength of a unique partnership: LSR GesDev, a renowned real estate promoter and developer, and Albert Immobilier, a sister company dedicated to property management.<\/p>\n\n\n\n<p>These two teams work hand in hand, from development to management, to ensure a continuous and consistent residential experience.<\/p>\n<\/div>\n\n\n\n<div class=\"wp-block-column is-layout-flow wp-block-column-is-layout-flow\" style=\"flex-basis:20%\"><\/div>\n<\/div>\n\n\n\n<div class=\"wp-block-columns mt-5 mb-5 is-layout-flex wp-container-core-columns-is-layout-9d6595d7 wp-block-columns-is-layout-flex\">\n<div class=\"wp-block-column is-layout-flow wp-block-column-is-layout-flow\" style=\"flex-basis:80%\">\n<div class=\"wp-block-columns are-vertically-aligned-center is-layout-flex wp-container-core-columns-is-layout-9d6595d7 wp-block-columns-is-layout-flex\">\n<div class=\"wp-block-column is-vertically-aligned-center is-layout-flow wp-block-column-is-layout-flow\" style=\"flex-basis:33.33%\">\n<figure class=\"wp-block-image size-large\"><img decoding=\"async\" src=\"\/wp-content\/uploads\/2026\/01\/logo-lsr.svg\" alt=\"\"\/><\/figure>\n<\/div>\n\n\n\n<div class=\"wp-block-column is-vertically-aligned-center is-layout-flow wp-block-column-is-layout-flow\" style=\"flex-basis:66.66%\">\n<h2 class=\"wp-block-heading\">LSR GesDev<\/h2>\n\n\n\n<p>LSR GesDev designs and builds sustainable, functional, and aesthetic living environments.<\/p>\n\n\n\n<p><a href=\"https:\/\/lsrgesdev.ca\/\" target=\"_blank\" rel=\"noreferrer noopener\">Learn more<\/a><\/p>\n<\/div>\n<\/div>\n<\/div>\n\n\n\n<div class=\"wp-block-column is-layout-flow wp-block-column-is-layout-flow\" style=\"flex-basis:20%\"><\/div>\n<\/div>\n\n\n\n<div class=\"wp-block-columns mt-5 mb-5 is-layout-flex wp-container-core-columns-is-layout-9d6595d7 wp-block-columns-is-layout-flex\">\n<div class=\"wp-block-column is-layout-flow wp-block-column-is-layout-flow\" style=\"flex-basis:80%\">\n<div class=\"wp-block-columns are-vertically-aligned-center is-layout-flex wp-container-core-columns-is-layout-9d6595d7 wp-block-columns-is-layout-flex\">\n<div class=\"wp-block-column is-vertically-aligned-center is-layout-flow wp-block-column-is-layout-flow\" style=\"flex-basis:33.33%\">\n<figure class=\"wp-block-image size-full\"><img decoding=\"async\" src=\"http:\/\/localhost:10069\/wp-content\/uploads\/2026\/01\/logo-albert-2-1.svg\" alt=\"\" class=\"wp-image-148\"\/><\/figure>\n<\/div>\n\n\n\n<div class=\"wp-block-column is-vertically-aligned-center is-layout-flow wp-block-column-is-layout-flow\" style=\"flex-basis:66.66%\">\n<h2 class=\"wp-block-heading\">Albert Immobilier<\/h2>\n\n\n\n<p>Albert Immobilier then ensures their maintenance and the daily satisfaction of residents.<\/p>\n\n\n\n<p><a href=\"https:\/\/albertimmobilier.ca\/\" target=\"_blank\" rel=\"noreferrer noopener\">Learn more<\/a><\/p>\n<\/div>\n<\/div>\n<\/div>\n\n\n\n<div class=\"wp-block-column is-layout-flow wp-block-column-is-layout-flow\" style=\"flex-basis:20%\"><\/div>\n<\/div>\n\n\n\n<div class=\"wp-block-columns is-layout-flex wp-container-core-columns-is-layout-9d6595d7 wp-block-columns-is-layout-flex\">\n<div class=\"wp-block-column is-layout-flow wp-block-column-is-layout-flow\" style=\"flex-basis:80%\">\n<p>Together, they embody a common vision: to build quality projects where human well-being and sustainability are inseparable.<\/p>\n\n\n\n<p>NOVIA represents the natural continuity between design, construction, and management \u2014 for a harmonious, sustainable, and lasting living environment.<\/p>\n<\/div>\n\n\n\n<div class=\"wp-block-column is-layout-flow wp-block-column-is-layout-flow\" style=\"flex-basis:20%\"><\/div>\n<\/div>\n\n\n\n<h2 class=\"wp-block-heading\">Testimonials that speak for themselves<\/h2>\n\n\n\n<div class=\"wp-block-columns are-vertically-aligned-center is-layout-flex wp-container-core-columns-is-layout-9d6595d7 wp-block-columns-is-layout-flex\">\n<div class=\"wp-block-column is-vertically-aligned-center is-layout-flow wp-block-column-is-layout-flow\" style=\"flex-basis:20%\">\n<figure class=\"wp-block-image size-large is-style-rounded\"><img decoding=\"async\" src=\"\/wp-content\/uploads\/2026\/01\/tem.jpg\" alt=\"\"\/><\/figure>\n<\/div>\n\n\n\n<div class=\"wp-block-column is-vertically-aligned-center is-layout-flow wp-block-column-is-layout-flow\" style=\"flex-basis:66.66%\">\n<h3 class=\"wp-block-heading mt-0\">Resident, NOVIA de la Gare<\/h3>\n\n\n\n<p>&#8220;NOVIA is much more than just a place to live. It&#8217;s an environment where everything is designed to make you feel good, surrounded by an attentive team and inspiring spaces.&#8221;<\/p>\n<\/div>\n<\/div>\n\n\n\n<div class=\"wp-block-columns are-vertically-aligned-center is-layout-flex wp-container-core-columns-is-layout-9d6595d7 wp-block-columns-is-layout-flex\">\n<div class=\"wp-block-column is-vertically-aligned-center is-layout-flow wp-block-column-is-layout-flow\" style=\"flex-basis:20%\">\n<figure class=\"wp-block-image size-large is-style-rounded\"><img decoding=\"async\" src=\"\/wp-content\/uploads\/2026\/01\/tem.jpg\" alt=\"\"\/><\/figure>\n<\/div>\n\n\n\n<div class=\"wp-block-column is-vertically-aligned-center is-layout-flow wp-block-column-is-layout-flow\" style=\"flex-basis:66.66%\">\n<h3 class=\"wp-block-heading mt-0\">Tenant, NOVIA Centre-ville<\/h3>\n\n\n\n<p>&#8220;Living in a NOVIA project means having the peace of mind that everything is well-managed and sustainable. A true added value.&#8221;<\/p>\n<\/div>\n<\/div>\n\n\n\n<div class=\"wp-block-columns is-layout-flex wp-container-core-columns-is-layout-9d6595d7 wp-block-columns-is-layout-flex\">\n<div class=\"wp-block-column is-layout-flow wp-block-column-is-layout-flow\" style=\"flex-basis:66.66%\">\n<h2 class=\"wp-block-heading\">A brand focused on the future<\/h2>\n\n\n\n<p>Each new NOVIA project reinforces our vision: to become a benchmark in responsible and human-centric real estate development in the greater Montreal area and beyond.<\/p>\n\n\n\n<p>From Longueuil to Candiac, and soon elsewhere in Quebec, we continue to innovate to build human-scale neighborhoods where it is good to live, meet, and thrive.<\/p>\n<\/div>\n\n\n\n<div class=\"wp-block-column is-layout-flow wp-block-column-is-layout-flow\" style=\"flex-basis:33.33%\"><\/div>\n<\/div>\n\n\n\n<div class=\"wp-block-custom-block-panel-group custom-block panel panel-primary bg-feuilles\"><div class=\"content\">\n<h3 class=\"wp-block-heading\">At NOVIA, every project carries meaning.<\/h3>\n\n\n\n<p>We create places where it is good to live, today and for generations to come.<\/p>\n\n\n\n<p>Fully sustainable. Fully human. Fully NOVIA.<\/p>\n<\/div><div class=\"bg\"><\/div><\/div>\n","protected":false},"excerpt":{"rendered":"<p>What Sets NOVIA Apart Remarkably life\u2011focused. Remarkably human. At NOVIA, we believe that the true quality of a project is [&hellip;]<\/p>\n","protected":false},"author":1,"featured_media":602,"parent":0,"menu_order":0,"comment_status":"closed","ping_status":"closed","template":"","meta":{"footnotes":""},"class_list":["post-603","page","type-page","status-publish","has-post-thumbnail","hentry"],"_links":{"self":[{"href":"https:\/\/pp.lenovia.ca\/en\/wp-json\/wp\/v2\/pages\/603","targetHints":{"allow":["GET"]}}],"collection":[{"href":"https:\/\/pp.lenovia.ca\/en\/wp-json\/wp\/v2\/pages"}],"about":[{"href":"https:\/\/pp.lenovia.ca\/en\/wp-json\/wp\/v2\/types\/page"}],"author":[{"embeddable":true,"href":"https:\/\/pp.lenovia.ca\/en\/wp-json\/wp\/v2\/users\/1"}],"replies":[{"embeddable":true,"href":"https:\/\/pp.lenovia.ca\/en\/wp-json\/wp\/v2\/comments?post=603"}],"version-history":[{"count":3,"href":"https:\/\/pp.lenovia.ca\/en\/wp-json\/wp\/v2\/pages\/603\/revisions"}],"predecessor-version":[{"id":782,"href":"https:\/\/pp.lenovia.ca\/en\/wp-json\/wp\/v2\/pages\/603\/revisions\/782"}],"wp:featuredmedia":[{"embeddable":true,"href":"https:\/\/pp.lenovia.ca\/en\/wp-json\/wp\/v2\/media\/602"}],"wp:attachment":[{"href":"https:\/\/pp.lenovia.ca\/en\/wp-json\/wp\/v2\/media?parent=603"}],"curies":[{"name":"wp","href":"https:\/\/api.w.org\/{rel}","templated":true}]}}