{"id":611,"date":"2026-01-14T13:52:27","date_gmt":"2026-01-14T13:52:27","guid":{"rendered":"http:\/\/localhost:10069\/le-novia-en\/"},"modified":"2026-03-02T20:24:07","modified_gmt":"2026-03-02T20:24:07","slug":"le-novia-en","status":"publish","type":"page","link":"https:\/\/pp.lenovia.ca\/en\/","title":{"rendered":"Le novia EN"},"content":{"rendered":"\n<div class=\"wp-block-columns is-layout-flex wp-container-core-columns-is-layout-9d6595d7 wp-block-columns-is-layout-flex\">\n<div class=\"wp-block-column is-vertically-aligned-center is-layout-flow wp-block-column-is-layout-flow\">\n<h2 class=\"wp-block-heading mt-0\">Remarkably NOVIA. Simply you.<\/h2>\n\n\n\n<p>Carefully planned spaces, seamlessly woven into their neighborhoods, paired with a human and personalized approach \u2014 everything designed to elevate your everyday life.<\/p>\n\n\n\n<p>At NOVIA, we don\u2019t just impress the eye \u2014 we enhance your life.<\/p>\n\n\n\n<p>Comfort, proximity, efficiency, and well\u2011being come together in an eco\u2011responsible environment where every detail enriches your residential experience.<\/p>\n\n\n\n<p>To live remarkably is to live in a place that truly reflects you.<\/p>\n\n\n\n<div class=\"wp-block-buttons is-layout-flex wp-block-buttons-is-layout-flex\">\n<div class=\"wp-block-button\"><a class=\"wp-block-button__link wp-element-button\" href=\"http:\/\/localhost:10069\/en\/about-us\/\">About Us<\/a><\/div>\n<\/div>\n<\/div>\n\n\n\n<div class=\"wp-block-column is-layout-flow wp-block-column-is-layout-flow\">\n<figure class=\"wp-block-image size-large\"><img decoding=\"async\" src=\"\/wp-content\/uploads\/2026\/01\/Mask-Group-94.jpg\" alt=\"\"\/><\/figure>\n<\/div>\n<\/div>\n\n\n\n<div class=\"wp-block-custom-block-panel-group custom-block panel panel-primary bg-feuilles mb-5\"><div class=\"content\">\n<h2 class=\"wp-block-heading mt-0\">Remarkably my life<\/h2>\n\n\n\n<p>NOVIA is more than a rental project: it\u2019s a living experience where people feel good, grounded, and genuinely happy.<\/p>\n\n\n\n<p>Designed for today, thoughtfully imagined for tomorrow, our projects combine contemporary design, accessibility, and sustainable thinking.<\/p>\n\n\n\n<p>Every detail supports moments of everyday well\u2011being \u2014 because feeling good at home is what matters most.<\/p>\n<\/div><div class=\"bg\"><\/div><\/div>\n\n\n\n<h2 class=\"wp-block-heading mt-5\">Remarkably my neighborhood<\/h2>\n\n\n\n<p>Living in a NOVIA community means being at the heart of a vibrant, connected environment.<\/p>\n\n\n\n<p>Our buildings integrate naturally into lively, accessible, and evolving neighborhoods:<\/p>\n\n\n\n<ul class=\"wp-block-list\">\n<li>in Longueuil, the energy of a transforming downtown;<\/li>\n\n\n\n<li>in Candiac, the calm of a sustainable, mobility\u2011focused district.<\/li>\n<\/ul>\n\n\n\n<div class=\"wp-block-columns is-layout-flex wp-container-core-columns-is-layout-9d6595d7 wp-block-columns-is-layout-flex\">\n<div class=\"wp-block-column is-layout-flow wp-block-column-is-layout-flow\">\n<figure class=\"wp-block-image size-large\"><img decoding=\"async\" src=\"\/wp-content\/uploads\/2026\/01\/photo-batiment.jpg\" alt=\"\"\/><\/figure>\n\n\n\n<h3 class=\"wp-block-heading\">NOVIA de la Gare &#8211; Candiac<\/h3>\n\n\n\n<p><em>300, place Charles-Le Moyne Longueuil, (QC) J4K 0C2<\/em><\/p>\n\n\n\n<p>Situ\u00e9 au c\u0153ur du TOD de la Gare de Candiac, NOVIA de la Gare offre un cadre de vie \u00e9quilibr\u00e9 o\u00f9 tranquillit\u00e9, mobilit\u00e9 et modernit\u00e9 se rencontrent.<\/p>\n\n\n\n<p>Ce projet r\u00e9sidentiel haut de gamme incarne la philosophie de NOVIA : cr\u00e9er des milieux de vie durables, humains et inspirants.<\/p>\n\n\n\n<div class=\"wp-block-buttons is-layout-flex wp-block-buttons-is-layout-flex\">\n<div class=\"wp-block-button has-custom-width wp-block-button__width-50 is-style-outline btn-block is-style-outline--1\"><a class=\"wp-block-button__link has-text-color has-link-color has-medium-font-size has-custom-font-size wp-element-button\" href=\"http:\/\/localhost:10069\/en\/novia-de-la-gare-candiac\/\" style=\"border-top-left-radius:18px;border-top-right-radius:18px;border-bottom-left-radius:18px;border-bottom-right-radius:18px;color:#282828\">Discover the project<\/a><\/div>\n<\/div>\n<\/div>\n\n\n\n<div class=\"wp-block-column is-layout-flow wp-block-column-is-layout-flow\">\n<figure class=\"wp-block-image size-large\"><img decoding=\"async\" src=\"\/wp-content\/uploads\/2026\/01\/photo-batiment2.jpg\" alt=\"\"\/><\/figure>\n\n\n\n<h3 class=\"wp-block-heading\">NOVIA de la Gare &#8211; Candiac<\/h3>\n\n\n\n<p><em>300, place Charles-Le Moyne Longueuil, (QC) J4K 0C2<\/em><\/p>\n\n\n\n<p>Au c\u0153ur du nouveau centre-ville de Longueuil, NOVIA Centre-ville propose un milieu de vie contemporain, dynamique et inspirant.<\/p>\n\n\n\n<p>Pens\u00e9 pour ceux qui souhaitent profiter d\u2019un environnement urbain en pleine transformation, le projet combine accessibilit\u00e9, confort, durabilit\u00e9 et qualit\u00e9 architecturale.<\/p>\n\n\n\n<div class=\"wp-block-buttons is-layout-flex wp-block-buttons-is-layout-flex\">\n<div class=\"wp-block-button has-custom-width wp-block-button__width-50 is-style-outline is-style-outline--2\"><a class=\"wp-block-button__link has-text-color has-link-color has-medium-font-size has-custom-font-size wp-element-button\" href=\"http:\/\/localhost:10069\/en\/novia-centre-ville-longueuil\/\" style=\"border-top-left-radius:18px;border-top-right-radius:18px;border-bottom-left-radius:18px;border-bottom-right-radius:18px;color:#282828\">Discover the project<\/a><\/div>\n<\/div>\n<\/div>\n<\/div>\n\n\n\n<div class=\"wp-block-custom-block-panel-group custom-block panel panel-primary bg-none p-5 fs-5 text mt-5\"><div class=\"content\">\n<p>Close to the metro, shops, green spaces, and bike paths \u2014 everything is within easy reach.<\/p>\n\n\n\n<p>Locations chosen to make every day remarkably better.<\/p>\n<\/div><div class=\"bg\"><\/div><\/div>\n\n\n\n<div class=\"wp-block-columns is-layout-flex wp-container-core-columns-is-layout-9d6595d7 wp-block-columns-is-layout-flex\">\n<div class=\"wp-block-column is-layout-flow wp-block-column-is-layout-flow\" style=\"flex-basis:66.66%\">\n<h2 class=\"wp-block-heading\">Remarkably my little joys<\/h2>\n\n\n\n<p>NOVIA is defined by an abundance of thoughtfully designed common areas dedicated to your well\u2011being:<\/p>\n\n\n\n<ul class=\"wp-block-list\">\n<li>an indoor pool, a modern fitness center, a rooftop terrace, a community garden, and more.<\/li>\n\n\n\n<li>These spaces nurture connection, relaxation, and health \u2014 because your happiness is part of our mission.<\/li>\n<\/ul>\n<\/div>\n\n\n\n<div class=\"wp-block-column is-layout-flow wp-block-column-is-layout-flow\" style=\"flex-basis:33.33%\"><\/div>\n<\/div>\n\n\n\n<div class=\"wp-block-columns is-layout-flex wp-container-core-columns-is-layout-9d6595d7 wp-block-columns-is-layout-flex\">\n<div class=\"wp-block-column is-layout-flow wp-block-column-is-layout-flow\">\n<figure class=\"wp-block-image size-large\"><img decoding=\"async\" src=\"\/wp-content\/uploads\/2026\/01\/image1.jpg\" alt=\"\"\/><\/figure>\n<\/div>\n\n\n\n<div class=\"wp-block-column is-layout-flow wp-block-column-is-layout-flow\">\n<figure class=\"wp-block-image size-large\"><img decoding=\"async\" src=\"\/wp-content\/uploads\/2026\/01\/image2.jpg\" alt=\"\"\/><\/figure>\n<\/div>\n\n\n\n<div class=\"wp-block-column is-layout-flow wp-block-column-is-layout-flow\">\n<figure class=\"wp-block-image size-large\"><img decoding=\"async\" src=\"\/wp-content\/uploads\/2026\/01\/image3.jpg\" alt=\"\"\/><\/figure>\n<\/div>\n<\/div>\n\n\n\n<div class=\"wp-block-buttons is-content-justification-center is-layout-flex wp-container-core-buttons-is-layout-16018d1d wp-block-buttons-is-layout-flex\">\n<div class=\"wp-block-button is-style-outline is-style-outline--3\"><a class=\"wp-block-button__link wp-element-button\" href=\"https:\/\/pp.lenovia.ca\/en\/novia-de-la-gare-candiac\/common-areas\/\" style=\"border-top-left-radius:18px;border-top-right-radius:18px;border-bottom-left-radius:18px;border-bottom-right-radius:18px\">See the common areas (Gare) <\/a><\/div>\n\n\n\n<div class=\"wp-block-button is-style-outline is-style-outline--4\"><a class=\"wp-block-button__link wp-element-button\" href=\"https:\/\/pp.lenovia.ca\/en\/novia-centre-ville-longueuil\/common-areas\/\" style=\"border-top-left-radius:18px;border-top-right-radius:18px;border-bottom-left-radius:18px;border-bottom-right-radius:18px\">See the common areas (Centre-ville)<\/a><\/div>\n<\/div>\n\n\n\n<div class=\"wp-block-custom-block-panel-group custom-block panel panel-primary bg-branche\"><div class=\"content\">\n<h2 class=\"wp-block-heading has-text-align-left mt-0\">Remarkably sustainable<\/h2>\n\n\n\n<p class=\"has-text-align-left\">Built with a responsible vision, NOVIA commits to high\u2011performance buildings that enhance quality of life while reducing environmental impact.<\/p>\n\n\n\n<p>From design to management, every decision supports durability, comfort, and efficiency.<\/p>\n\n\n\n<p>Less energy. More well\u2011being.<br>A concrete path toward a more sustainable future.<\/p>\n\n\n\n<div class=\"wp-block-buttons is-content-justification-left is-layout-flex wp-container-core-buttons-is-layout-fdcfc74e wp-block-buttons-is-layout-flex\">\n<div class=\"wp-block-button is-style-outline wp-btn-custom-light is-style-outline--5\"><a class=\"wp-block-button__link wp-element-button\">Learn more about our sustainable commitment<\/a><\/div>\n<\/div>\n<\/div><div class=\"bg\"><\/div><\/div>\n\n\n\n<h2 class=\"wp-block-heading\">Remarkably for me<\/h2>\n\n\n\n<p>Our high\u2011end rental units are designed for every lifestyle:<\/p>\n\n\n\n<ul class=\"wp-block-list\">\n<li>Bright, efficient studios for young professionals,<\/li>\n\n\n\n<li>Spacious apartments for families,<\/li>\n\n\n\n<li>Townhouses for those seeking the comfort of a complete home.<\/li>\n<\/ul>\n\n\n\n<p>Each unit is crafted to provide elegance, comfort, and peace of mind, supported by attentive, professional property management.<\/p>\n\n\n\n<div class=\"wp-block-buttons is-content-justification-left is-layout-flex wp-container-core-buttons-is-layout-fdcfc74e wp-block-buttons-is-layout-flex\">\n<div class=\"wp-block-button is-style-outline is-style-outline--6\"><a class=\"wp-block-button__link wp-element-button\" href=\"https:\/\/pp.lenovia.ca\/en\/novia-de-la-gare-candiac\/appartements\/\" style=\"border-top-left-radius:18px;border-top-right-radius:18px;border-bottom-left-radius:18px;border-bottom-right-radius:18px\">See the units (Gare)<\/a><\/div>\n\n\n\n<div class=\"wp-block-button is-style-outline is-style-outline--7\"><a class=\"wp-block-button__link wp-element-button\" href=\"https:\/\/pp.lenovia.ca\/en\/novia-centre-ville-longueuil\/apartments\/\" style=\"border-top-left-radius:18px;border-top-right-radius:18px;border-bottom-left-radius:18px;border-bottom-right-radius:18px\">See the units (Centre-ville)<\/a><\/div>\n<\/div>\n\n\n\n<h2 class=\"wp-block-heading mt-5\">Floor plans<\/h2>\n\n\n\n<p>From studios to 3\u2011bedroom units, explore a wide selection of modern, well\u2011designed apartments.<\/p>\n\n\n\n<p>With our interactive plan selector, easily find the unit that fits your lifestyle and needs.<\/p>\n\n\n\n<div class=\"wp-block-buttons is-content-justification-left is-layout-flex wp-container-core-buttons-is-layout-fdcfc74e wp-block-buttons-is-layout-flex\">\n<div class=\"wp-block-button is-style-outline is-style-outline--8\"><a class=\"wp-block-button__link wp-element-button\" href=\"http:\/\/localhost:10069\/en\/novia-de-la-gare-candiac\/plans\/\" style=\"border-top-left-radius:18px;border-top-right-radius:18px;border-bottom-left-radius:18px;border-bottom-right-radius:18px\">View the plans (Gare)<\/a><\/div>\n\n\n\n<div class=\"wp-block-button is-style-outline is-style-outline--9\"><a class=\"wp-block-button__link wp-element-button\" href=\"http:\/\/localhost:10069\/en\/novia-centre-ville-longueuil\/plans\/\" style=\"border-top-left-radius:18px;border-top-right-radius:18px;border-bottom-left-radius:18px;border-bottom-right-radius:18px\">View the plans (Centre-ville)<\/a><\/div>\n<\/div>\n\n\n\n<div class=\"wp-block-custom-block-panel-group custom-block panel panel-primary bg-none mt-5\"><div class=\"content\">\n<h3 class=\"wp-block-heading mt-0\">With remarkable confidence<\/h3>\n\n\n\n<p>Each NOVIA project is developed by LSR GesDev, known for the quality of its real estate developments, and managed by Albert Immobilier, a trusted partner dedicated to resident satisfaction.<\/p>\n\n\n\n<p>NOVIA is the assurance of a thoughtful, sustainable, and remarkably well\u2011managed project.<\/p>\n<\/div><div class=\"bg\"><\/div><\/div>\n","protected":false},"excerpt":{"rendered":"<p>Remarkably NOVIA. Simply you. Carefully planned spaces, seamlessly woven into their neighborhoods, paired with a human and personalized approach \u2014 [&hellip;]<\/p>\n","protected":false},"author":1,"featured_media":779,"parent":0,"menu_order":0,"comment_status":"closed","ping_status":"closed","template":"index.php","meta":{"footnotes":""},"class_list":["post-611","page","type-page","status-publish","has-post-thumbnail","hentry"],"_links":{"self":[{"href":"https:\/\/pp.lenovia.ca\/en\/wp-json\/wp\/v2\/pages\/611","targetHints":{"allow":["GET"]}}],"collection":[{"href":"https:\/\/pp.lenovia.ca\/en\/wp-json\/wp\/v2\/pages"}],"about":[{"href":"https:\/\/pp.lenovia.ca\/en\/wp-json\/wp\/v2\/types\/page"}],"author":[{"embeddable":true,"href":"https:\/\/pp.lenovia.ca\/en\/wp-json\/wp\/v2\/users\/1"}],"replies":[{"embeddable":true,"href":"https:\/\/pp.lenovia.ca\/en\/wp-json\/wp\/v2\/comments?post=611"}],"version-history":[{"count":7,"href":"https:\/\/pp.lenovia.ca\/en\/wp-json\/wp\/v2\/pages\/611\/revisions"}],"predecessor-version":[{"id":828,"href":"https:\/\/pp.lenovia.ca\/en\/wp-json\/wp\/v2\/pages\/611\/revisions\/828"}],"wp:featuredmedia":[{"embeddable":true,"href":"https:\/\/pp.lenovia.ca\/en\/wp-json\/wp\/v2\/media\/779"}],"wp:attachment":[{"href":"https:\/\/pp.lenovia.ca\/en\/wp-json\/wp\/v2\/media?parent=611"}],"curies":[{"name":"wp","href":"https:\/\/api.w.org\/{rel}","templated":true}]}}