{"id":620,"date":"2026-01-14T15:11:28","date_gmt":"2026-01-14T15:11:28","guid":{"rendered":"http:\/\/localhost:10069\/contact-us\/"},"modified":"2026-02-06T19:07:35","modified_gmt":"2026-02-06T19:07:35","slug":"contact-us","status":"publish","type":"page","link":"https:\/\/pp.lenovia.ca\/en\/contact-us\/","title":{"rendered":"Contact Us"},"content":{"rendered":"\n<div class=\"wp-block-columns is-layout-flex wp-container-core-columns-is-layout-9d6595d7 wp-block-columns-is-layout-flex\">\n<div class=\"wp-block-column is-layout-flow wp-block-column-is-layout-flow\" style=\"flex-basis:66.66%\">\n<p>Que vous souhaitiez planifier une visite, obtenir plus d\u2019information sur nos projets ou simplement \u00e9changer avec notre \u00e9quipe, nous sommes l\u00e0 pour vous r\u00e9pondre avec attention et professionnalisme.<\/p>\n\n\n\n<p>Nos \u00e9quipes de LSR GesDev et Albert Immobilier collaborent \u00e9troitement pour vous offrir une exp\u00e9rience fluide \u2014 du premier contact jusqu\u2019\u00e0 votre emm\u00e9nagement.<\/p>\n\n\n\n<p>Chez NOVIA, chaque question trouve sa r\u00e9ponse et chaque \u00e9change compte.<\/p>\n<\/div>\n\n\n\n<div class=\"wp-block-column is-layout-flow wp-block-column-is-layout-flow\" style=\"flex-basis:33.33%\"><\/div>\n<\/div>\n\n<div class=\"wp-block-columns is-layout-flex wp-container-core-columns-is-layout-9d6595d7 wp-block-columns-is-layout-flex\">\n<div class=\"wp-block-column is-layout-flow wp-block-column-is-layout-flow\" style=\"flex-basis:66.66%\">\n<figure class=\"wp-block-image size-large\"><img loading=\"lazy\" decoding=\"async\" width=\"1024\" height=\"595\" src=\"http:\/\/localhost:10069\/wp-content\/uploads\/2026\/01\/Header-image-5-1024x595.jpg\" alt=\"\" class=\"wp-image-230\" srcset=\"https:\/\/pp.lenovia.ca\/wp-content\/uploads\/2026\/01\/Header-image-5-1024x595.jpg 1024w, https:\/\/pp.lenovia.ca\/wp-content\/uploads\/2026\/01\/Header-image-5-300x174.jpg 300w, https:\/\/pp.lenovia.ca\/wp-content\/uploads\/2026\/01\/Header-image-5-768x446.jpg 768w, https:\/\/pp.lenovia.ca\/wp-content\/uploads\/2026\/01\/Header-image-5-1536x892.jpg 1536w, https:\/\/pp.lenovia.ca\/wp-content\/uploads\/2026\/01\/Header-image-5-2048x1190.jpg 2048w\" sizes=\"auto, (max-width: 1024px) 100vw, 1024px\" \/><\/figure>\n\n\n\n<h2 class=\"wp-block-heading mb-1\">Planifier une visite<\/h2>\n\n\n\n<p class=\"mb-4\"><strong>D\u00e9couvrez NOVIA de vos propres yeux.<\/strong><\/p>\n\n\n\n<p>Rien ne vaut une visite pour d\u00e9couvrir la qualit\u00e9 de nos immeubles, la luminosit\u00e9 de nos espaces et la convivialit\u00e9 de nos quartiers.<br\/>Nos conseillers se feront un plaisir de vous accueillir sur place, de vous pr\u00e9senter les unit\u00e9s disponibles et de r\u00e9pondre \u00e0 toutes vos questions.<\/p>\n\n\n\n<p>Remplissez le formulaire ci-dessous pour planifier une visite au moment qui vous convient.<\/p>\n\n\n\n<p>Un membre de notre \u00e9quipe vous contactera rapidement pour confirmer la date et l\u2019heure de votre rendez-vous.<\/p>\n<\/div>\n\n\n\n<div class=\"wp-block-column is-layout-flow wp-block-column-is-layout-flow\" style=\"flex-basis:33.33%\"><\/div>\n<\/div>\n\n<div class=\"wp-block-columns is-layout-flex wp-container-core-columns-is-layout-9d6595d7 wp-block-columns-is-layout-flex\">\n<div class=\"wp-block-column is-layout-flow wp-block-column-is-layout-flow\" style=\"flex-basis:66.66%\">\n<h2 class=\"wp-block-heading mt-0\">Coordonn\u00e9es et emplacements<\/h2>\n\n\n\n<p>Nos projets NOVIA sont situ\u00e9s dans des environnements bien connect\u00e9s et faciles d\u2019acc\u00e8s.<\/p>\n\n\n\n<h3 class=\"wp-block-heading\">Heures d\u2019ouverture<\/h3>\n\n\n\n<p>Lundi au vendredi : 9 h \u00e0 17 h<br\/>Samedi et dimanche : sur <a href=\"#bottom\">rendez-vous<\/a><\/p>\n<\/div>\n\n\n\n<div class=\"wp-block-column is-layout-flow wp-block-column-is-layout-flow\" style=\"flex-basis:33.33%\"><\/div>\n<\/div>\n\n<div class=\"wp-block-columns is-layout-flex wp-container-core-columns-is-layout-9d6595d7 wp-block-columns-is-layout-flex\">\n<div class=\"wp-block-column is-layout-flow wp-block-column-is-layout-flow\">\n<figure class=\"wp-block-image size-large\"><img decoding=\"async\" src=\"\/wp-content\/uploads\/2026\/01\/photo-batiment.jpg\" alt=\"\"\/><\/figure>\n\n\n\n<h3 class=\"wp-block-heading\">NOVIA de la Gare &#8211; Candiac<\/h3>\n\n\n\n<p><em>Rue des Marronniers, Candiac, Qu\u00e9bec<\/em><\/p>\n\n\n\n<p>\u00c0 deux pas de la gare de Candiac<\/p>\n\n\n\n<p><a href=\"mailto:info@novia-candiac.ca\">info@novia-candiac.ca<\/a><\/p>\n<\/div>\n\n\n\n<div class=\"wp-block-column is-layout-flow wp-block-column-is-layout-flow\">\n<figure class=\"wp-block-image size-large\"><img decoding=\"async\" src=\"\/wp-content\/uploads\/2026\/01\/photo-batiment2.jpg\" alt=\"\"\/><\/figure>\n\n\n\n<h3 class=\"wp-block-heading\">NOVIA de la Gare &#8211; Candiac<\/h3>\n\n\n\n<p><em>Boulevard Taschereau, Longueuil, Qu\u00e9bec<\/em><\/p>\n\n\n\n<p>\u00c0 moins de 10 minutes du m\u00e9tro Longueuil\u2013Universit\u00e9-de-Sherbrooke<\/p>\n\n\n\n<p><a href=\"mailto:info@novia-longueuil.ca\">info@novia-longueuil.ca<\/a><\/p>\n<\/div>\n<\/div>\n\n<div class=\"wp-block-custom-block-panel-group custom-block panel panel-primary bg-feuilles\"><div class=\"content\">\n<h3 class=\"wp-block-heading mt-0\">Besoin d\u2019assistance pour une demande li\u00e9e \u00e0 votre logement ?<\/h3>\n\n\n\n<p>Contactez directement Albert Immobilier \u00e0 <a href=\"mailto:service@albertimmobilier.ca\">service@albertimmobilier.ca<\/a><br\/>ou par t\u00e9l\u00e9phone au 1-800-XXX-XXXX.<\/p>\n<\/div><div class=\"bg\"><\/div><\/div>\n\n<p><\/p>\n\n<div class=\"wp-block-columns are-vertically-aligned-center is-layout-flex wp-container-core-columns-is-layout-9d6595d7 wp-block-columns-is-layout-flex\">\n<div class=\"wp-block-column is-vertically-aligned-center is-layout-flow wp-block-column-is-layout-flow\" style=\"flex-basis:80%\">\n<h2 class=\"wp-block-heading\">Suivez NOVIA<\/h2>\n\n\n\n<p>Restez connect\u00e9s \u00e0 la vie de nos projets.<\/p>\n\n\n\n<p>Retrouvez les nouveaut\u00e9s, photos, \u00e9v\u00e9nements et conseils sur nos plateformes sociales.<\/p>\n\n\n\n<div class=\"wp-block-columns are-vertically-aligned-top mt-5 is-layout-flex wp-container-core-columns-is-layout-9d6595d7 wp-block-columns-is-layout-flex\">\n<div class=\"wp-block-column is-vertically-aligned-top is-layout-flow wp-block-column-is-layout-flow\">\n<figure class=\"wp-block-image size-large text-center\"><a href=\"https:\/\/www.instagram.com\/novia.longueuil\/\" target=\"_blank\" rel=\" noreferrer noopener\"><img decoding=\"async\" src=\"\/wp-content\/uploads\/2026\/01\/ins.png\" alt=\"\"\/><\/a><\/figure>\n\n\n\n<p class=\"has-text-align-center\">Vie \u00e0 NOVIA en images<\/p>\n<\/div>\n\n\n\n<div class=\"wp-block-column is-vertically-aligned-top is-layout-flow wp-block-column-is-layout-flow\">\n<figure class=\"wp-block-image size-large text-center\"><a href=\"https:\/\/www.facebook.com\/novia.longueuil\/\" target=\"_blank\" rel=\" noreferrer noopener\"><img decoding=\"async\" src=\"\/wp-content\/uploads\/2026\/01\/facebook.png\" alt=\"\"\/><\/a><\/figure>\n\n\n\n<p class=\"has-text-align-center\">Annonces et nouveaut\u00e9s<\/p>\n<\/div>\n\n\n\n<div class=\"wp-block-column is-vertically-aligned-top is-layout-flow wp-block-column-is-layout-flow\">\n<figure class=\"wp-block-image size-large text-center\"><a href=\"https:\/\/www.youtube.com\/channel\/UCel_kiJHeqosjui7f1dalJg\" target=\"_blank\" rel=\" noreferrer noopener\"><img decoding=\"async\" src=\"\/wp-content\/uploads\/2026\/01\/yt.png\" alt=\"\"\/><\/a><\/figure>\n\n\n\n<p class=\"has-text-align-center\">Pr\u00e9sentation des projets et t\u00e9moignages<\/p>\n<\/div>\n<\/div>\n<\/div>\n\n\n\n<div class=\"wp-block-column is-vertically-aligned-center is-layout-flow wp-block-column-is-layout-flow\" style=\"flex-basis:20%\"><\/div>\n<\/div>\n","protected":false},"excerpt":{"rendered":"<p>Que vous souhaitiez planifier une visite, obtenir plus d\u2019information sur nos projets ou simplement \u00e9changer avec notre \u00e9quipe, nous sommes [&hellip;]<\/p>\n","protected":false},"author":1,"featured_media":619,"parent":0,"menu_order":0,"comment_status":"closed","ping_status":"closed","template":"","meta":{"footnotes":""},"class_list":["post-620","page","type-page","status-publish","has-post-thumbnail","hentry"],"_links":{"self":[{"href":"https:\/\/pp.lenovia.ca\/en\/wp-json\/wp\/v2\/pages\/620","targetHints":{"allow":["GET"]}}],"collection":[{"href":"https:\/\/pp.lenovia.ca\/en\/wp-json\/wp\/v2\/pages"}],"about":[{"href":"https:\/\/pp.lenovia.ca\/en\/wp-json\/wp\/v2\/types\/page"}],"author":[{"embeddable":true,"href":"https:\/\/pp.lenovia.ca\/en\/wp-json\/wp\/v2\/users\/1"}],"replies":[{"embeddable":true,"href":"https:\/\/pp.lenovia.ca\/en\/wp-json\/wp\/v2\/comments?post=620"}],"version-history":[{"count":1,"href":"https:\/\/pp.lenovia.ca\/en\/wp-json\/wp\/v2\/pages\/620\/revisions"}],"predecessor-version":[{"id":625,"href":"https:\/\/pp.lenovia.ca\/en\/wp-json\/wp\/v2\/pages\/620\/revisions\/625"}],"wp:featuredmedia":[{"embeddable":true,"href":"https:\/\/pp.lenovia.ca\/en\/wp-json\/wp\/v2\/media\/619"}],"wp:attachment":[{"href":"https:\/\/pp.lenovia.ca\/en\/wp-json\/wp\/v2\/media?parent=620"}],"curies":[{"name":"wp","href":"https:\/\/api.w.org\/{rel}","templated":true}]}}