{"id":677,"date":"2026-01-14T15:18:34","date_gmt":"2026-01-14T15:18:34","guid":{"rendered":"http:\/\/localhost:10069\/novia-centre-ville-longueuil\/quartier\/"},"modified":"2026-02-06T19:54:01","modified_gmt":"2026-02-06T19:54:01","slug":"neighborhood","status":"publish","type":"page","link":"https:\/\/pp.lenovia.ca\/en\/novia-centre-ville-longueuil\/neighborhood\/","title":{"rendered":"Neighborhood"},"content":{"rendered":"\n<p>Bienvenue dans le nouveau Longueuil, un quartier vibrant en plein essor! Que ce soit pour aller \u00e9tudier, faire une promenade dans un parc ou \u00e9changer sur une terrasse au restaurant du coin, tout est seulement \u00e0 quelques pas de votre appartement. Le m\u00e9tro, les principaux axes routiers et les pistes cyclables \u00e0 proximit\u00e9 vous permettent d\u2019aller d\u00e9couvrir les plus beaux endroits sans perdre une minute.<\/p>\n\n\n\n<div class=\"wp-block-custom-block-panel-group custom-block panel panel-primary bg-feuilles\"><div class=\"content\">\n<h2 class=\"wp-block-heading\">Une vie de proximit\u00e9<\/h2>\n\n\n\n<p>Vivre au complexe NOVIA, c\u2019est vivre dans le nouveau centre-ville de Longueuil \u00e0 proximit\u00e9 de tout.<\/p>\n\n\n\n<div class=\"wp-block-buttons is-layout-flex wp-block-buttons-is-layout-flex\">\n<div class=\"wp-block-button wp-btn-custom-light\"><a class=\"wp-block-button__link wp-element-button\" href=\"https:\/\/www.google.ca\/maps\/place\/NOVIA\/@45.5242331,-73.5179044,15.17z\/data=!4m9!1m2!2m1!1snovia!3m5!1s0x4cc91b969d834199:0x2cfaba977f37a184!8m2!3d45.5250357!4d-73.5151152!15sCgVub3ZpYZIBEWFwYXJ0bWVudF9jb21wbGV4\" target=\"_blank\" rel=\"noreferrer noopener\">Ouvrir dans Google Maps<\/a><\/div>\n<\/div>\n<\/div><div class=\"bg\"><\/div><\/div>\n\n\n\n<div class=\"wp-block-columns are-vertically-aligned-center is-layout-flex wp-container-core-columns-is-layout-9d6595d7 wp-block-columns-is-layout-flex\">\n<div class=\"wp-block-column is-vertically-aligned-center is-layout-flow wp-block-column-is-layout-flow\">\n<figure class=\"wp-block-image size-large\"><img decoding=\"async\" src=\"\/wp-content\/uploads\/2026\/01\/Group-378.jpg\" alt=\"\"\/><\/figure>\n<\/div>\n\n\n\n<div class=\"wp-block-column is-vertically-aligned-center is-layout-flow wp-block-column-is-layout-flow\">\n<h3 class=\"wp-block-heading\">\u00c0 proximit\u00e9 des divertissements<\/h3>\n\n\n\n<p>Plusieurs restaurants et caf\u00e9s sur la rue Saint-Charles<br>Terrains de soccer et parcs<br>La Ronde et ses feux d\u2019artifice<\/p>\n<\/div>\n<\/div>\n\n\n\n<div class=\"wp-block-columns are-vertically-aligned-center is-layout-flex wp-container-core-columns-is-layout-9d6595d7 wp-block-columns-is-layout-flex\">\n<div class=\"wp-block-column is-vertically-aligned-center is-layout-flow wp-block-column-is-layout-flow\">\n<figure class=\"wp-block-image size-large\"><img decoding=\"async\" src=\"\/wp-content\/uploads\/2026\/01\/Group-379.jpg\" alt=\"\"\/><\/figure>\n<\/div>\n\n\n\n<div class=\"wp-block-column is-vertically-aligned-center is-layout-flow wp-block-column-is-layout-flow\">\n<h3 class=\"wp-block-heading\">\u00c0 proximit\u00e9 d\u2019une multitude de services<\/h3>\n\n\n\n<p>Centre commercial Place Longueuil<br>Nombreux \u00e9tablissements scolaires<br>Pistes cyclables<br>\u00c9picerie et pharmacie \u00e0 distance de marche<br>Espaces de t\u00e9l\u00e9travail \u00e0 proximit\u00e9<br>Marina de Longueuil<\/p>\n<\/div>\n<\/div>\n\n\n\n<div class=\"wp-block-columns are-vertically-aligned-center is-layout-flex wp-container-core-columns-is-layout-9d6595d7 wp-block-columns-is-layout-flex\">\n<div class=\"wp-block-column is-vertically-aligned-center is-layout-flow wp-block-column-is-layout-flow\">\n<figure class=\"wp-block-image size-full\"><img loading=\"lazy\" decoding=\"async\" width=\"808\" height=\"808\" src=\"http:\/\/localhost:10069\/wp-content\/uploads\/2026\/01\/Group-600.jpg\" alt=\"\" class=\"wp-image-355\" srcset=\"https:\/\/pp.lenovia.ca\/wp-content\/uploads\/2026\/01\/Group-600.jpg 808w, https:\/\/pp.lenovia.ca\/wp-content\/uploads\/2026\/01\/Group-600-300x300.jpg 300w, https:\/\/pp.lenovia.ca\/wp-content\/uploads\/2026\/01\/Group-600-150x150.jpg 150w, https:\/\/pp.lenovia.ca\/wp-content\/uploads\/2026\/01\/Group-600-768x768.jpg 768w\" sizes=\"auto, (max-width: 808px) 100vw, 808px\" \/><\/figure>\n<\/div>\n\n\n\n<div class=\"wp-block-column is-vertically-aligned-center is-layout-flow wp-block-column-is-layout-flow\">\n<h3 class=\"wp-block-heading\">\u00c0 proximit\u00e9 des axes routiers et des transports en commun<\/h3>\n\n\n\n<p>Embranchement du pont Jacques-Cartier et de la Route 132<br>Boulevard Taschereau<br>Route 116<br>Pont Victoria<br>Moins de 10 minutes \u00e0 pied du m\u00e9tro Longueuil-Universit\u00e9-de-Sherbrooke et du terminus<br>Navettes fluviales de la voie maritime du Saint-Laurent<\/p>\n<\/div>\n<\/div>\n\n\n\n<div class=\"wp-block-custom-block-panel-group custom-block panel panel-secondary bg-none\"><div class=\"content\">\n<p class=\"mt-0 mb-0\">Mais surtout, vivre au NOVIA, c\u2019est une vue imprenable sur Montr\u00e9al, le pont, le fleuve Saint-Laurent, le Casino de Montr\u00e9al et les Mont\u00e9r\u00e9giennes.<\/p>\n<\/div><div class=\"bg\"><\/div><\/div>\n","protected":false},"excerpt":{"rendered":"<p>Bienvenue dans le nouveau Longueuil, un quartier vibrant en plein essor! Que ce soit pour aller \u00e9tudier, faire une promenade [&hellip;]<\/p>\n","protected":false},"author":1,"featured_media":1035,"parent":630,"menu_order":0,"comment_status":"closed","ping_status":"closed","template":"template-pages\/projet.php","meta":{"footnotes":""},"class_list":["post-677","page","type-page","status-publish","has-post-thumbnail","hentry"],"_links":{"self":[{"href":"https:\/\/pp.lenovia.ca\/en\/wp-json\/wp\/v2\/pages\/677","targetHints":{"allow":["GET"]}}],"collection":[{"href":"https:\/\/pp.lenovia.ca\/en\/wp-json\/wp\/v2\/pages"}],"about":[{"href":"https:\/\/pp.lenovia.ca\/en\/wp-json\/wp\/v2\/types\/page"}],"author":[{"embeddable":true,"href":"https:\/\/pp.lenovia.ca\/en\/wp-json\/wp\/v2\/users\/1"}],"replies":[{"embeddable":true,"href":"https:\/\/pp.lenovia.ca\/en\/wp-json\/wp\/v2\/comments?post=677"}],"version-history":[{"count":2,"href":"https:\/\/pp.lenovia.ca\/en\/wp-json\/wp\/v2\/pages\/677\/revisions"}],"predecessor-version":[{"id":742,"href":"https:\/\/pp.lenovia.ca\/en\/wp-json\/wp\/v2\/pages\/677\/revisions\/742"}],"up":[{"embeddable":true,"href":"https:\/\/pp.lenovia.ca\/en\/wp-json\/wp\/v2\/pages\/630"}],"wp:featuredmedia":[{"embeddable":true,"href":"https:\/\/pp.lenovia.ca\/en\/wp-json\/wp\/v2\/media\/1035"}],"wp:attachment":[{"href":"https:\/\/pp.lenovia.ca\/en\/wp-json\/wp\/v2\/media?parent=677"}],"curies":[{"name":"wp","href":"https:\/\/api.w.org\/{rel}","templated":true}]}}