{"id":683,"date":"2026-01-14T15:13:26","date_gmt":"2026-01-14T15:13:26","guid":{"rendered":"http:\/\/localhost:10069\/novia-de-la-gare-candiac\/espaces-communs\/"},"modified":"2026-03-18T15:52:46","modified_gmt":"2026-03-18T15:52:46","slug":"common-areas","status":"publish","type":"page","link":"https:\/\/pp.lenovia.ca\/en\/novia-de-la-gare-candiac\/common-areas\/","title":{"rendered":"Common areas"},"content":{"rendered":"\n<div class=\"wp-block-columns are-vertically-aligned-center is-not-stacked-on-mobile mb-2 is-layout-flex wp-container-core-columns-is-layout-9d6595d7 wp-block-columns-is-layout-flex\">\n<div class=\"wp-block-column is-vertically-aligned-center is-layout-flow wp-block-column-is-layout-flow\" style=\"flex-basis:33.33%\"><div class=\"wp-block-image border-radius-none\">\n<figure class=\"aligncenter size-large\"><img decoding=\"async\" src=\"\/wp-content\/uploads\/2026\/01\/Group-390.svg\" alt=\"\"\/><\/figure>\n<\/div>\n\n\n<p class=\"has-text-align-center mt-2 mb-2\">Piscine<br>ext\u00e9rieure chauff\u00e9e<\/p>\n<\/div>\n\n\n\n<div class=\"wp-block-column is-vertically-aligned-center is-layout-flow wp-block-column-is-layout-flow\" style=\"flex-basis:33.33%\"><div class=\"wp-block-image border-radius-none\">\n<figure class=\"aligncenter size-large\"><img decoding=\"async\" src=\"\/wp-content\/uploads\/2026\/01\/Group-384-1.svg\" alt=\"\"\/><\/figure>\n<\/div>\n\n\n<p class=\"has-text-align-center mt-2 mb-2\">Salle<br>d&#8217;entrainement<\/p>\n<\/div>\n\n\n\n<div class=\"wp-block-column is-vertically-aligned-center is-layout-flow wp-block-column-is-layout-flow\" style=\"flex-basis:33.33%\"><div class=\"wp-block-image is-style-default border-radius-none\">\n<figure class=\"aligncenter size-large\"><img decoding=\"async\" src=\"\/wp-content\/uploads\/2026\/01\/Group-389.svg\" alt=\"\"\/><\/figure>\n<\/div>\n\n\n<p class=\"has-text-align-center mt-2 mb-2\">Espace de jeux<br>de soci\u00e9t\u00e9<\/p>\n<\/div>\n<\/div>\n\n\n\n<div class=\"wp-block-columns are-vertically-aligned-center is-not-stacked-on-mobile mb-2 is-layout-flex wp-container-core-columns-is-layout-9d6595d7 wp-block-columns-is-layout-flex\">\n<div class=\"wp-block-column is-vertically-aligned-center is-layout-flow wp-block-column-is-layout-flow\" style=\"flex-basis:33.33%\"><div class=\"wp-block-image is-style-default border-radius-none\">\n<figure class=\"aligncenter size-large\"><img decoding=\"async\" src=\"\/wp-content\/uploads\/2026\/01\/Group-387.svg\" alt=\"\"\/><\/figure>\n<\/div>\n\n\n<p class=\"has-text-align-center mt-2 mb-2\">Lounge<br>commun<\/p>\n<\/div>\n\n\n\n<div class=\"wp-block-column is-vertically-aligned-center is-layout-flow wp-block-column-is-layout-flow\" style=\"flex-basis:33.33%\"><div class=\"wp-block-image border-radius-none\">\n<figure class=\"aligncenter size-large\"><img decoding=\"async\" src=\"\/wp-content\/uploads\/2026\/01\/Group-391.svg\" alt=\"\"\/><\/figure>\n<\/div>\n\n\n<p class=\"has-text-align-center mt-2 mb-2\">Terrasse<br>sur les toits<\/p>\n<\/div>\n<\/div>\n\n\n\n<div class=\"wp-block-columns are-vertically-aligned-center is-not-stacked-on-mobile mb-2 is-layout-flex wp-container-core-columns-is-layout-9d6595d7 wp-block-columns-is-layout-flex\">\n<div class=\"wp-block-column is-vertically-aligned-center is-layout-flow wp-block-column-is-layout-flow\" style=\"flex-basis:33.33%\"><\/div>\n\n\n\n<div class=\"wp-block-column is-vertically-aligned-center is-layout-flow wp-block-column-is-layout-flow\" style=\"flex-basis:33.33%\"><\/div>\n<\/div>\n\n\n\n<figure class=\"wp-block-image size-large mt-5\"><img decoding=\"async\" src=\"\/wp-content\/uploads\/2026\/03\/66-web-or-mls-GL-15-1-1024x683.jpg\" alt=\"\"\/><\/figure>\n\n\n\n<figure class=\"wp-block-image size-large\"><img decoding=\"async\" src=\"\/wp-content\/uploads\/2026\/03\/76-web-or-mls-GL-25-2-1024x683.jpg\" alt=\"\"\/><\/figure>\n\n\n\n<figure class=\"wp-block-image size-large\"><img decoding=\"async\" src=\"\/wp-content\/uploads\/2026\/03\/88-web-or-mls-GL-37-1024x683.jpg\" alt=\"\"\/><\/figure>\n\n\n\n<figure class=\"wp-block-image size-large\"><img decoding=\"async\" src=\"\/wp-content\/uploads\/2026\/03\/98-web-or-mls-GL-47-1024x683.jpg\" alt=\"\"\/><\/figure>\n\n\n\n<figure class=\"wp-block-image size-large\"><img decoding=\"async\" src=\"\/wp-content\/uploads\/2026\/03\/105-web-or-mls-GL-54-1024x683.jpg\" alt=\"\"\/><\/figure>\n\n\n\n<figure class=\"wp-block-image size-large\"><img decoding=\"async\" src=\"\/wp-content\/uploads\/2026\/03\/132-web-or-mls-GL-81-1024x683.jpg\" alt=\"\"\/><\/figure>\n\n\n\n<p><\/p>\n","protected":false},"excerpt":{"rendered":"<p>Piscineext\u00e9rieure chauff\u00e9e Salled&#8217;entrainement Espace de jeuxde soci\u00e9t\u00e9 Loungecommun Terrassesur les toits<\/p>\n","protected":false},"author":1,"featured_media":842,"parent":675,"menu_order":0,"comment_status":"closed","ping_status":"closed","template":"template-pages\/projet.php","meta":{"footnotes":""},"class_list":["post-683","page","type-page","status-publish","has-post-thumbnail","hentry"],"_links":{"self":[{"href":"https:\/\/pp.lenovia.ca\/en\/wp-json\/wp\/v2\/pages\/683","targetHints":{"allow":["GET"]}}],"collection":[{"href":"https:\/\/pp.lenovia.ca\/en\/wp-json\/wp\/v2\/pages"}],"about":[{"href":"https:\/\/pp.lenovia.ca\/en\/wp-json\/wp\/v2\/types\/page"}],"author":[{"embeddable":true,"href":"https:\/\/pp.lenovia.ca\/en\/wp-json\/wp\/v2\/users\/1"}],"replies":[{"embeddable":true,"href":"https:\/\/pp.lenovia.ca\/en\/wp-json\/wp\/v2\/comments?post=683"}],"version-history":[{"count":2,"href":"https:\/\/pp.lenovia.ca\/en\/wp-json\/wp\/v2\/pages\/683\/revisions"}],"predecessor-version":[{"id":882,"href":"https:\/\/pp.lenovia.ca\/en\/wp-json\/wp\/v2\/pages\/683\/revisions\/882"}],"up":[{"embeddable":true,"href":"https:\/\/pp.lenovia.ca\/en\/wp-json\/wp\/v2\/pages\/675"}],"wp:featuredmedia":[{"embeddable":true,"href":"https:\/\/pp.lenovia.ca\/en\/wp-json\/wp\/v2\/media\/842"}],"wp:attachment":[{"href":"https:\/\/pp.lenovia.ca\/en\/wp-json\/wp\/v2\/media?parent=683"}],"curies":[{"name":"wp","href":"https:\/\/api.w.org\/{rel}","templated":true}]}}