{"id":687,"date":"2026-01-14T15:12:49","date_gmt":"2026-01-14T15:12:49","guid":{"rendered":"http:\/\/localhost:10069\/novia-de-la-gare-candiac\/quartier\/"},"modified":"2026-03-19T19:46:42","modified_gmt":"2026-03-19T19:46:42","slug":"quartier","status":"publish","type":"page","link":"https:\/\/pp.lenovia.ca\/en\/novia-de-la-gare-candiac\/quartier\/","title":{"rendered":"Quartier"},"content":{"rendered":"\n<p>NOVIA de la Gare b\u00e9n\u00e9ficie d\u2019un emplacement id\u00e9al au c\u0153ur du secteur TOD (Transit Oriented Development) de Candiac. Ce milieu de vie complet a \u00e9t\u00e9 con\u00e7u pour favoriser la mobilit\u00e9 durable, la mixit\u00e9 urbaine et la proximit\u00e9 des services.<\/p>\n\n\n\n<div class=\"wp-block-custom-block-panel-group custom-block panel panel-primary bg-feuilles\"><div class=\"content\">\n<h2 class=\"wp-block-heading\">Une vie de proximit\u00e9<\/h2>\n\n\n\n<p>Gare de train de Candiac (moins de 650 m\u00e8tres).<\/p>\n\n\n\n<div class=\"wp-block-buttons is-layout-flex wp-block-buttons-is-layout-flex\">\n<div class=\"wp-block-button wp-btn-custom-light\"><a class=\"wp-block-button__link wp-element-button\" href=\"https:\/\/www.google.ca\/maps\/place\/NOVIA\/@45.5242331,-73.5179044,15.17z\/data=!4m9!1m2!2m1!1snovia!3m5!1s0x4cc91b969d834199:0x2cfaba977f37a184!8m2!3d45.5250357!4d-73.5151152!15sCgVub3ZpYZIBEWFwYXJ0bWVudF9jb21wbGV4\" target=\"_blank\" rel=\"noreferrer noopener\">Ouvrir dans Google Maps<\/a><\/div>\n<\/div>\n<\/div><div class=\"bg\"><\/div><\/div>\n\n\n\n<div class=\"wp-block-columns are-vertically-aligned-center is-layout-flex wp-container-core-columns-is-layout-9d6595d7 wp-block-columns-is-layout-flex\">\n<div class=\"wp-block-column is-vertically-aligned-center is-layout-flow wp-block-column-is-layout-flow\">\n<figure class=\"wp-block-image size-large\"><img decoding=\"async\" src=\"\/wp-content\/uploads\/2026\/01\/Group-378.jpg\" alt=\"\"\/><\/figure>\n<\/div>\n\n\n\n<div class=\"wp-block-column is-vertically-aligned-center is-layout-flow wp-block-column-is-layout-flow\">\n<h3 class=\"wp-block-heading\">\u00c0 proximit\u00e9 des divertissements<\/h3>\n\n\n\n<p>Plusieurs restaurants et caf\u00e9s sur la rue Saint-Charles<br>Terrains de soccer et parcs<br>La Ronde et ses feux d\u2019artifice<\/p>\n<\/div>\n<\/div>\n\n\n\n<div class=\"wp-block-columns are-vertically-aligned-center is-layout-flex wp-container-core-columns-is-layout-9d6595d7 wp-block-columns-is-layout-flex\">\n<div class=\"wp-block-column is-vertically-aligned-center is-layout-flow wp-block-column-is-layout-flow\">\n<figure class=\"wp-block-image size-large\"><img decoding=\"async\" src=\"\/wp-content\/uploads\/2026\/01\/Group-379.jpg\" alt=\"\"\/><\/figure>\n<\/div>\n\n\n\n<div class=\"wp-block-column is-vertically-aligned-center is-layout-flow wp-block-column-is-layout-flow\">\n<h3 class=\"wp-block-heading\">\u00c0 proximit\u00e9 d\u2019une multitude de services<\/h3>\n\n\n\n<p>R\u00e9seau de transport collectif Exo<br>Acc\u00e8s rapide aux autoroutes 15, 30 et 930<br>\u00c9coles, parcs, commerces et restaurants<br>Espaces verts et pistes cyclables interconnect\u00e9es<\/p>\n<\/div>\n<\/div>\n\n\n\n<div class=\"wp-block-columns are-vertically-aligned-center is-layout-flex wp-container-core-columns-is-layout-9d6595d7 wp-block-columns-is-layout-flex\">\n<div class=\"wp-block-column is-vertically-aligned-center is-layout-flow wp-block-column-is-layout-flow\">\n<figure class=\"wp-block-image size-full\"><img loading=\"lazy\" decoding=\"async\" width=\"808\" height=\"808\" src=\"http:\/\/localhost:10069\/wp-content\/uploads\/2026\/01\/Group-600.jpg\" alt=\"\" class=\"wp-image-355\" srcset=\"https:\/\/pp.lenovia.ca\/wp-content\/uploads\/2026\/01\/Group-600.jpg 808w, https:\/\/pp.lenovia.ca\/wp-content\/uploads\/2026\/01\/Group-600-300x300.jpg 300w, https:\/\/pp.lenovia.ca\/wp-content\/uploads\/2026\/01\/Group-600-150x150.jpg 150w, https:\/\/pp.lenovia.ca\/wp-content\/uploads\/2026\/01\/Group-600-768x768.jpg 768w\" sizes=\"auto, (max-width: 808px) 100vw, 808px\" \/><\/figure>\n<\/div>\n\n\n\n<div class=\"wp-block-column is-vertically-aligned-center is-layout-flow wp-block-column-is-layout-flow\">\n<h3 class=\"wp-block-heading\">\u00c0 proximit\u00e9 des axes routiers et des transports en commun<\/h3>\n\n\n\n<p>Embranchement du pont Jacques-Cartier et de la Route 132<br>Boulevard Taschereau<br>Route 116<br>Pont Victoria<br>Moins de 10 minutes \u00e0 pied du m\u00e9tro Longueuil-Universit\u00e9-de-Sherbrooke et du terminus<br>Navettes fluviales de la voie maritime du Saint-Laurent<\/p>\n<\/div>\n<\/div>\n\n\n\n<div class=\"wp-block-custom-block-panel-group custom-block panel panel-secondary bg-none\"><div class=\"content\">\n<p class=\"mt-0 mb-0\">Habiter NOVIA de la Gare, c\u2019est profiter d\u2019un emplacement strat\u00e9gique, calme et accessible \u2014 l\u2019\u00e9quilibre parfait entre vie urbaine et nature.<\/p>\n<\/div><div class=\"bg\"><\/div><\/div>\n","protected":false},"excerpt":{"rendered":"<p>NOVIA de la Gare b\u00e9n\u00e9ficie d\u2019un emplacement id\u00e9al au c\u0153ur du secteur TOD (Transit Oriented Development) de Candiac. Ce milieu [&hellip;]<\/p>\n","protected":false},"author":1,"featured_media":860,"parent":675,"menu_order":0,"comment_status":"closed","ping_status":"closed","template":"template-pages\/projet.php","meta":{"footnotes":""},"class_list":["post-687","page","type-page","status-publish","has-post-thumbnail","hentry"],"_links":{"self":[{"href":"https:\/\/pp.lenovia.ca\/en\/wp-json\/wp\/v2\/pages\/687","targetHints":{"allow":["GET"]}}],"collection":[{"href":"https:\/\/pp.lenovia.ca\/en\/wp-json\/wp\/v2\/pages"}],"about":[{"href":"https:\/\/pp.lenovia.ca\/en\/wp-json\/wp\/v2\/types\/page"}],"author":[{"embeddable":true,"href":"https:\/\/pp.lenovia.ca\/en\/wp-json\/wp\/v2\/users\/1"}],"replies":[{"embeddable":true,"href":"https:\/\/pp.lenovia.ca\/en\/wp-json\/wp\/v2\/comments?post=687"}],"version-history":[{"count":4,"href":"https:\/\/pp.lenovia.ca\/en\/wp-json\/wp\/v2\/pages\/687\/revisions"}],"predecessor-version":[{"id":1014,"href":"https:\/\/pp.lenovia.ca\/en\/wp-json\/wp\/v2\/pages\/687\/revisions\/1014"}],"up":[{"embeddable":true,"href":"https:\/\/pp.lenovia.ca\/en\/wp-json\/wp\/v2\/pages\/675"}],"wp:featuredmedia":[{"embeddable":true,"href":"https:\/\/pp.lenovia.ca\/en\/wp-json\/wp\/v2\/media\/860"}],"wp:attachment":[{"href":"https:\/\/pp.lenovia.ca\/en\/wp-json\/wp\/v2\/media?parent=687"}],"curies":[{"name":"wp","href":"https:\/\/api.w.org\/{rel}","templated":true}]}}