{"id":688,"date":"2026-01-14T15:11:16","date_gmt":"2026-01-14T15:11:16","guid":{"rendered":"http:\/\/localhost:10069\/faq\/"},"modified":"2026-02-06T19:57:14","modified_gmt":"2026-02-06T19:57:14","slug":"faq","status":"publish","type":"page","link":"https:\/\/pp.lenovia.ca\/en\/faq\/","title":{"rendered":"We answer your questions"},"content":{"rendered":"\n<div class=\"wp-block-columns mb-0 is-layout-flex wp-container-core-columns-is-layout-9d6595d7 wp-block-columns-is-layout-flex\">\n<div class=\"wp-block-column is-layout-flow wp-block-column-is-layout-flow\" style=\"flex-basis:66.66%\">\n<p>Vous avez des questions sur la location, les services ou la vie dans un projet NOVIA ? Voici un aper\u00e7u des r\u00e9ponses aux questions les plus fr\u00e9quemment pos\u00e9es par nos r\u00e9sidents et futurs locataires.<\/p>\n\n\n\n<p>Si vous ne trouvez pas la r\u00e9ponse que vous cherchez, notre \u00e9quipe se fera un plaisir de vous aidez.<br><\/p>\n\n\n\n<div class=\"wp-block-buttons is-layout-flex wp-block-buttons-is-layout-flex\">\n<div class=\"wp-block-button\"><a class=\"wp-block-button__link wp-element-button\" href=\"\/nous-joindre\/\">Nous joindre<\/a><\/div>\n<\/div>\n<\/div>\n\n\n\n<div class=\"wp-block-column is-layout-flow wp-block-column-is-layout-flow\" style=\"flex-basis:33.33%\"><\/div>\n<\/div>\n","protected":false},"excerpt":{"rendered":"<p>Vous avez des questions sur la location, les services ou la vie dans un projet NOVIA ? Voici un aper\u00e7u [&hellip;]<\/p>\n","protected":false},"author":1,"featured_media":689,"parent":0,"menu_order":0,"comment_status":"closed","ping_status":"closed","template":"template-pages\/faq.php","meta":{"footnotes":""},"class_list":["post-688","page","type-page","status-publish","has-post-thumbnail","hentry"],"_links":{"self":[{"href":"https:\/\/pp.lenovia.ca\/en\/wp-json\/wp\/v2\/pages\/688","targetHints":{"allow":["GET"]}}],"collection":[{"href":"https:\/\/pp.lenovia.ca\/en\/wp-json\/wp\/v2\/pages"}],"about":[{"href":"https:\/\/pp.lenovia.ca\/en\/wp-json\/wp\/v2\/types\/page"}],"author":[{"embeddable":true,"href":"https:\/\/pp.lenovia.ca\/en\/wp-json\/wp\/v2\/users\/1"}],"replies":[{"embeddable":true,"href":"https:\/\/pp.lenovia.ca\/en\/wp-json\/wp\/v2\/comments?post=688"}],"version-history":[{"count":2,"href":"https:\/\/pp.lenovia.ca\/en\/wp-json\/wp\/v2\/pages\/688\/revisions"}],"predecessor-version":[{"id":744,"href":"https:\/\/pp.lenovia.ca\/en\/wp-json\/wp\/v2\/pages\/688\/revisions\/744"}],"wp:featuredmedia":[{"embeddable":true,"href":"https:\/\/pp.lenovia.ca\/en\/wp-json\/wp\/v2\/media\/689"}],"wp:attachment":[{"href":"https:\/\/pp.lenovia.ca\/en\/wp-json\/wp\/v2\/media?parent=688"}],"curies":[{"name":"wp","href":"https:\/\/api.w.org\/{rel}","templated":true}]}}